{"id":10,"date":"2007-05-28T13:58:17","date_gmt":"2007-05-28T12:58:17","guid":{"rendered":"http:\/\/aunomdanna.free.fr\/wordpress\/?page_id=9"},"modified":"2025-03-17T23:34:56","modified_gmt":"2025-03-17T22:34:56","slug":"lassociation-au-nom-danna","status":"publish","type":"page","link":"https:\/\/www.aunomdanna.fr\/blog\/?page_id=10","title":{"rendered":"L&rsquo;association \u00ab\u00a0Au nom d&rsquo;Anna\u00a0\u00bb"},"content":{"rendered":"\n<figure class=\"wp-block-image size-large\"><img loading=\"lazy\" decoding=\"async\" width=\"970\" height=\"725\" src=\"https:\/\/www.aunomdanna.fr\/blog\/wp-content\/uploads\/2021\/05\/Anna.jpeg\" alt=\"\" class=\"wp-image-4062\" srcset=\"https:\/\/www.aunomdanna.fr\/blog\/wp-content\/uploads\/2021\/05\/Anna.jpeg 970w, https:\/\/www.aunomdanna.fr\/blog\/wp-content\/uploads\/2021\/05\/Anna-300x224.jpeg 300w, https:\/\/www.aunomdanna.fr\/blog\/wp-content\/uploads\/2021\/05\/Anna-768x574.jpeg 768w, https:\/\/www.aunomdanna.fr\/blog\/wp-content\/uploads\/2021\/05\/Anna-401x300.jpeg 401w\" sizes=\"auto, (max-width: 970px) 100vw, 970px\" \/><\/figure>\n\n\n\n<hr class=\"wp-block-separator has-alpha-channel-opacity\"\/>\n\n\n\n<div class=\"wp-block-columns is-layout-flex wp-container-core-columns-is-layout-1 wp-block-columns-is-layout-flex\">\n<div class=\"wp-block-column is-layout-flow wp-block-column-is-layout-flow\">\n<h2 class=\"wp-block-heading\">Adh\u00e9rer \u00e0 l&rsquo;association<\/h2>\n<\/div>\n\n\n\n<div class=\"wp-block-column is-layout-flow wp-block-column-is-layout-flow\">\n<div class=\"wp-block-buttons is-layout-flex wp-block-buttons-is-layout-flex\">\n<div class=\"wp-block-button\"><a class=\"wp-block-button__link wp-element-button\" href=\"https:\/\/www.aunomdanna.fr\/blog\/?page_id=4361\">Adh\u00e9rer<\/a><\/div>\n<\/div>\n<\/div>\n<\/div>\n\n\n\n<hr class=\"wp-block-separator has-css-opacity\"\/>\n\n\n\n<div class=\"wp-block-columns is-layout-flex wp-container-core-columns-is-layout-6 wp-block-columns-is-layout-flex\">\n<div class=\"wp-block-column is-layout-flow wp-block-column-is-layout-flow\">\n<h2 class=\"wp-block-heading\">Communication<\/h2>\n\n\n\n<div class=\"wp-block-columns is-layout-flex wp-container-core-columns-is-layout-3 wp-block-columns-is-layout-flex\">\n<div class=\"wp-block-column is-layout-flow wp-block-column-is-layout-flow\">\n<p class=\"has-text-align-right\">Plaquette 2021 :<\/p>\n\n\n\n<p class=\"has-text-align-right\"><\/p>\n<\/div>\n\n\n\n<div class=\"wp-block-column is-layout-flow wp-block-column-is-layout-flow\">\n<div class=\"wp-block-columns is-layout-flex wp-container-core-columns-is-layout-2 wp-block-columns-is-layout-flex\">\n<div class=\"wp-block-column is-layout-flow wp-block-column-is-layout-flow\">\n<figure class=\"wp-block-image size-large\"><a href=\"https:\/\/www.aunomdanna.fr\/blog\/wp-content\/uploads\/2021\/11\/Diapositive1-1.jpg\" target=\"_blank\"  rel=\"lightbox[10]  noreferrer noopener\"><img loading=\"lazy\" decoding=\"async\" width=\"1024\" height=\"724\" src=\"https:\/\/www.aunomdanna.fr\/blog\/wp-content\/uploads\/2021\/11\/Diapositive1-1-1024x724.jpg\" alt=\"\" class=\"wp-image-4203\" srcset=\"https:\/\/www.aunomdanna.fr\/blog\/wp-content\/uploads\/2021\/11\/Diapositive1-1-1024x724.jpg 1024w, https:\/\/www.aunomdanna.fr\/blog\/wp-content\/uploads\/2021\/11\/Diapositive1-1-300x212.jpg 300w, https:\/\/www.aunomdanna.fr\/blog\/wp-content\/uploads\/2021\/11\/Diapositive1-1-768x543.jpg 768w, https:\/\/www.aunomdanna.fr\/blog\/wp-content\/uploads\/2021\/11\/Diapositive1-1-424x300.jpg 424w, https:\/\/www.aunomdanna.fr\/blog\/wp-content\/uploads\/2021\/11\/Diapositive1-1.jpg 1123w\" sizes=\"auto, (max-width: 1024px) 100vw, 1024px\" \/><\/a><\/figure>\n<\/div>\n\n\n\n<div class=\"wp-block-column is-vertically-aligned-top is-layout-flow wp-block-column-is-layout-flow\">\n<figure class=\"wp-block-image size-large\"><a href=\"https:\/\/www.aunomdanna.fr\/blog\/wp-content\/uploads\/2021\/11\/Diapositive2.jpg\" target=\"_blank\"  rel=\"lightbox[10]  noreferrer noopener\"><img loading=\"lazy\" decoding=\"async\" width=\"1024\" height=\"724\" src=\"https:\/\/www.aunomdanna.fr\/blog\/wp-content\/uploads\/2021\/11\/Diapositive2-1024x724.jpg\" alt=\"\" class=\"wp-image-4204\" srcset=\"https:\/\/www.aunomdanna.fr\/blog\/wp-content\/uploads\/2021\/11\/Diapositive2-1024x724.jpg 1024w, https:\/\/www.aunomdanna.fr\/blog\/wp-content\/uploads\/2021\/11\/Diapositive2-300x212.jpg 300w, https:\/\/www.aunomdanna.fr\/blog\/wp-content\/uploads\/2021\/11\/Diapositive2-768x543.jpg 768w, https:\/\/www.aunomdanna.fr\/blog\/wp-content\/uploads\/2021\/11\/Diapositive2-424x300.jpg 424w, https:\/\/www.aunomdanna.fr\/blog\/wp-content\/uploads\/2021\/11\/Diapositive2.jpg 1123w\" sizes=\"auto, (max-width: 1024px) 100vw, 1024px\" \/><\/a><\/figure>\n<\/div>\n<\/div>\n<\/div>\n<\/div>\n\n\n\n<div class=\"wp-block-columns is-layout-flex wp-container-core-columns-is-layout-5 wp-block-columns-is-layout-flex\">\n<div class=\"wp-block-column is-layout-flow wp-block-column-is-layout-flow\">\n<p class=\"has-text-align-right\"><a href=\"https:\/\/www.aunomdanna.fr\/blog\/wp-content\/uploads\/2021\/05\/Affiche-Forum-2016.pdf\" target=\"_blank\" rel=\"noreferrer noopener\">Affiche forum 2016<\/a> &#8211; <a href=\"https:\/\/www.aunomdanna.fr\/blog\/wp-content\/uploads\/2021\/05\/Flyer_Anna_2016_A5_Final.pdf\" target=\"_blank\" rel=\"noreferrer noopener\">Flyer 2016<\/a><\/p>\n\n\n\n<p class=\"has-text-align-right\"><a rel=\"noreferrer noopener\" href=\"https:\/\/www.aunomdanna.fr\/blog\/wp-content\/uploads\/2021\/05\/Plaquette-2014.pdf\" target=\"_blank\">Plaquette 2014<\/a><\/p>\n\n\n\n<p class=\"has-text-align-right\"><a href=\"https:\/\/www.aunomdanna.fr\/blog\/wp-content\/uploads\/2016\/04\/Plaquette-2011VD_pdy-Mode-de-compatibilit%C3%A9.pdf\" target=\"_blank\" rel=\"noreferrer noopener\">Plaquette 2011<\/a><\/p>\n<\/div>\n\n\n\n<div class=\"wp-block-column is-layout-flow wp-block-column-is-layout-flow\">\n<div class=\"wp-block-columns is-layout-flex wp-container-core-columns-is-layout-4 wp-block-columns-is-layout-flex\">\n<div class=\"wp-block-column is-layout-flow wp-block-column-is-layout-flow\"><\/div>\n\n\n\n<div class=\"wp-block-column is-layout-flow wp-block-column-is-layout-flow\"><\/div>\n<\/div>\n<\/div>\n<\/div>\n<\/div>\n<\/div>\n\n\n\n<hr class=\"wp-block-separator has-css-opacity\"\/>\n\n\n\n<div class=\"wp-block-columns is-layout-flex wp-container-core-columns-is-layout-7 wp-block-columns-is-layout-flex\">\n<div class=\"wp-block-column is-layout-flow wp-block-column-is-layout-flow\">\n<h2 class=\"wp-block-heading\">Statuts de l&rsquo;association<\/h2>\n\n\n\n<p><a rel=\"noreferrer noopener\" href=\"https:\/\/www.journal-officiel.gouv.fr\/associations\/detail-annonce\/associations_b\/20070027\/721\" target=\"_blank\">Journal Officiel du 7 juillet 2007<\/a> (d\u00e9claration n\u00b0721, page 41\/112)<\/p>\n\n\n\n<p>Num\u00e9ro RNA&nbsp;: W381000855<\/p>\n<\/div>\n\n\n\n<div class=\"wp-block-column is-layout-flow wp-block-column-is-layout-flow\">\n<div class=\"wp-block-file alignright\"><a id=\"wp-block-file--media-4994c9b3-4847-43fb-a77e-f67a2149f957\" href=\"https:\/\/www.aunomdanna.fr\/blog\/wp-content\/uploads\/2025\/03\/STATUTS-MODIFIES-2024-SIGNES.pdf\" target=\"_blank\" rel=\"noreferrer noopener\">Statuts de l&rsquo;Association \u00ab\u00a0Au Nom d&rsquo;Anna\u00a0\u00bb<\/a><\/div>\n<\/div>\n<\/div>\n\n\n\n<hr class=\"wp-block-separator has-css-opacity\"\/>\n\n\n\n<h2 class=\"wp-block-heading\">Assembl\u00e9es G\u00e9n\u00e9rales<\/h2>\n\n\n\n<div class=\"wp-block-columns is-layout-flex wp-container-core-columns-is-layout-8 wp-block-columns-is-layout-flex\">\n<div class=\"wp-block-column is-layout-flow wp-block-column-is-layout-flow\" style=\"flex-basis:33.33%\">\n<p class=\"has-text-align-center\">10 mars 2025<\/p>\n<\/div>\n\n\n\n<div class=\"wp-block-column is-layout-flow wp-block-column-is-layout-flow\" style=\"flex-basis:66.66%\">\n<div class=\"wp-block-file alignright\"><a id=\"wp-block-file--media-743578f9-897a-478a-b6f9-ac961fa11b99\" href=\"https:\/\/www.aunomdanna.fr\/blog\/wp-content\/uploads\/2025\/03\/AG-2025.pdf\" target=\"_blank\" rel=\"noreferrer noopener\">Pr\u00e9sentation<\/a><\/div>\n\n\n\n<div class=\"wp-block-file alignright\"><a id=\"wp-block-file--media-eca112a8-bbfa-4663-bcbd-8f0ede6d21a2\" href=\"https:\/\/www.aunomdanna.fr\/blog\/wp-content\/uploads\/2025\/03\/CR_AG_Au_Nom_dAnna_2025-1.pdf\" target=\"_blank\" rel=\"noreferrer noopener\">Compte-rendu<\/a><\/div>\n\n\n\n<p><\/p>\n<\/div>\n<\/div>\n\n\n\n<div class=\"wp-block-columns is-layout-flex wp-container-core-columns-is-layout-9 wp-block-columns-is-layout-flex\">\n<div class=\"wp-block-column is-layout-flow wp-block-column-is-layout-flow\" style=\"flex-basis:33.33%\">\n<p class=\"has-text-align-center\">13 f\u00e9v 2024<\/p>\n<\/div>\n\n\n\n<div class=\"wp-block-column is-layout-flow wp-block-column-is-layout-flow\" style=\"flex-basis:66.66%\">\n<div class=\"wp-block-file alignright\"><a id=\"wp-block-file--media-743578f9-897a-478a-b6f9-ac961fa11b99\" href=\"https:\/\/www.aunomdanna.fr\/blog\/wp-content\/uploads\/2025\/03\/AG-2024.pdf\" target=\"_blank\" rel=\"noreferrer noopener\">Pr\u00e9sentation<\/a><\/div>\n\n\n\n<div class=\"wp-block-file alignright\"><a id=\"wp-block-file--media-eca112a8-bbfa-4663-bcbd-8f0ede6d21a2\" href=\"https:\/\/www.aunomdanna.fr\/blog\/wp-content\/uploads\/2025\/03\/CR_AG_Au_Nom_dAnna_2024.pdf\" target=\"_blank\" rel=\"noreferrer noopener\">Compte-rendu<\/a><\/div>\n\n\n\n<p><\/p>\n<\/div>\n<\/div>\n\n\n\n<div class=\"wp-block-columns is-layout-flex wp-container-core-columns-is-layout-10 wp-block-columns-is-layout-flex\">\n<div class=\"wp-block-column is-layout-flow wp-block-column-is-layout-flow\" style=\"flex-basis:33.33%\">\n<p class=\"has-text-align-center\">30 jan 2023<\/p>\n<\/div>\n\n\n\n<div class=\"wp-block-column is-layout-flow wp-block-column-is-layout-flow\" style=\"flex-basis:66.66%\">\n<div class=\"wp-block-file alignright\"><a id=\"wp-block-file--media-27d6cf8c-ee26-4815-9331-b6db99249a55\" href=\"https:\/\/www.aunomdanna.fr\/blog\/wp-content\/uploads\/2023\/02\/AG-2023-VC.pdf\" target=\"_blank\" rel=\"noreferrer noopener\">Pr\u00e9sentation<\/a><\/div>\n\n\n\n<div class=\"wp-block-file alignright\"><a id=\"wp-block-file--media-6c48bfd4-bd6f-4850-ab48-01980249b1c4\" href=\"https:\/\/www.aunomdanna.fr\/blog\/wp-content\/uploads\/2023\/02\/CR_AG_Au_Nom_dAnna_2023-1.pdf\" target=\"_blank\" rel=\"noreferrer noopener\">Compte-rendu<\/a><\/div>\n\n\n\n<p><\/p>\n<\/div>\n<\/div>\n\n\n\n<div class=\"wp-block-columns is-layout-flex wp-container-core-columns-is-layout-11 wp-block-columns-is-layout-flex\">\n<div class=\"wp-block-column is-layout-flow wp-block-column-is-layout-flow\" style=\"flex-basis:33.33%\">\n<p class=\"has-text-align-center\">02 f\u00e9v 2022<\/p>\n<\/div>\n\n\n\n<div class=\"wp-block-column is-layout-flow wp-block-column-is-layout-flow\" style=\"flex-basis:66.66%\">\n<div class=\"wp-block-file alignright\"><a id=\"wp-block-file--media-27d6cf8c-ee26-4815-9331-b6db99249a55\" href=\"https:\/\/www.aunomdanna.fr\/blog\/wp-content\/uploads\/2022\/02\/AG-2022.pdf\" target=\"_blank\" rel=\"noreferrer noopener\">Pr\u00e9sentation<\/a><\/div>\n\n\n\n<div class=\"wp-block-file alignright\"><a id=\"wp-block-file--media-6c48bfd4-bd6f-4850-ab48-01980249b1c4\" href=\"https:\/\/www.aunomdanna.fr\/blog\/wp-content\/uploads\/2022\/02\/CR_AG_2022.pdf\" target=\"_blank\" rel=\"noreferrer noopener\">Compte-rendu<\/a><\/div>\n\n\n\n<p><\/p>\n<\/div>\n<\/div>\n\n\n\n<div class=\"wp-block-columns is-layout-flex wp-container-core-columns-is-layout-12 wp-block-columns-is-layout-flex\">\n<div class=\"wp-block-column is-layout-flow wp-block-column-is-layout-flow\" style=\"flex-basis:33.33%\">\n<p class=\"has-text-align-center\">29 avr 2021<\/p>\n<\/div>\n\n\n\n<div class=\"wp-block-column is-layout-flow wp-block-column-is-layout-flow\" style=\"flex-basis:66.66%\">\n<div class=\"wp-block-file alignright\"><a id=\"wp-block-file--media-6e2d5bcf-4d53-4794-a10f-2bc3dd7469fa\" href=\"https:\/\/www.aunomdanna.fr\/blog\/wp-content\/uploads\/2021\/05\/AG-2021.pdf\" target=\"_blank\" rel=\"noreferrer noopener\">Pr\u00e9sentation<\/a><\/div>\n\n\n\n<div class=\"wp-block-file alignright\"><a id=\"wp-block-file--media-c9304fcb-7637-442a-ab04-d131bd9d69ad\" href=\"https:\/\/www.aunomdanna.fr\/blog\/wp-content\/uploads\/2021\/05\/CR_AG_29-04-2021.pdf\" target=\"_blank\" rel=\"noreferrer noopener\">Compte-rendu<\/a><\/div>\n\n\n\n<p><\/p>\n<\/div>\n<\/div>\n\n\n\n<div class=\"wp-block-columns is-layout-flex wp-container-core-columns-is-layout-13 wp-block-columns-is-layout-flex\">\n<div class=\"wp-block-column is-layout-flow wp-block-column-is-layout-flow\" style=\"flex-basis:33.33%\">\n<p class=\"has-text-align-center\">22 jan 2020<\/p>\n<\/div>\n\n\n\n<div class=\"wp-block-column is-layout-flow wp-block-column-is-layout-flow\" style=\"flex-basis:66.66%\">\n<div class=\"wp-block-file alignright\"><a id=\"wp-block-file--media-c8625693-3bd2-4961-ad46-215b94401bfc\" href=\"https:\/\/www.aunomdanna.fr\/blog\/wp-content\/uploads\/2021\/05\/CR_Reunion_AunomdAnna__AG_22-01-2020.pdf\" target=\"_blank\" rel=\"noreferrer noopener\">Compte-rendu<\/a><\/div>\n<\/div>\n<\/div>\n\n\n\n<div class=\"wp-block-columns is-layout-flex wp-container-core-columns-is-layout-14 wp-block-columns-is-layout-flex\">\n<div class=\"wp-block-column is-layout-flow wp-block-column-is-layout-flow\" style=\"flex-basis:33.33%\">\n<p class=\"has-text-align-center\">17 jan 2019<\/p>\n<\/div>\n\n\n\n<div class=\"wp-block-column is-layout-flow wp-block-column-is-layout-flow\" style=\"flex-basis:66.66%\">\n<div class=\"wp-block-file alignright\"><a id=\"wp-block-file--media-8b4a7840-f63c-4763-a772-657b8405e773\" href=\"https:\/\/www.aunomdanna.fr\/blog\/wp-content\/uploads\/2021\/05\/CR_Reunion_AunomdAnna__AG_19_01_17_V1.pdf\" target=\"_blank\" rel=\"noreferrer noopener\">Compte-rendu<\/a><\/div>\n<\/div>\n<\/div>\n\n\n\n<div class=\"wp-block-columns is-layout-flex wp-container-core-columns-is-layout-15 wp-block-columns-is-layout-flex\">\n<div class=\"wp-block-column is-layout-flow wp-block-column-is-layout-flow\" style=\"flex-basis:33.33%\">\n<p class=\"has-text-align-center\">03 f\u00e9v 2017<\/p>\n<\/div>\n\n\n\n<div class=\"wp-block-column is-layout-flow wp-block-column-is-layout-flow\" style=\"flex-basis:66.66%\">\n<div class=\"wp-block-file alignright\"><a id=\"wp-block-file--media-549b4609-a6d2-4508-b0a3-8d66eaae1b7d\" href=\"https:\/\/www.aunomdanna.fr\/blog\/wp-content\/uploads\/2017\/02\/AG-2017.pdf\" target=\"_blank\" rel=\"noreferrer noopener\">Pr\u00e9sentation<\/a><\/div>\n\n\n\n<div class=\"wp-block-file alignright\"><a id=\"wp-block-file--media-e81fbd63-301c-42ad-92f0-2670c92a938b\" href=\"https:\/\/www.aunomdanna.fr\/blog\/wp-content\/uploads\/2017\/02\/CR_Reunion_AunomdAnna__AG_17_02_03_V4.pdf\" target=\"_blank\" rel=\"noreferrer noopener\">Compte-rendu<\/a><\/div>\n<\/div>\n<\/div>\n\n\n\n<div class=\"wp-block-columns is-layout-flex wp-container-core-columns-is-layout-16 wp-block-columns-is-layout-flex\">\n<div class=\"wp-block-column is-layout-flow wp-block-column-is-layout-flow\" style=\"flex-basis:33.33%\">\n<p class=\"has-text-align-center\">15 jan 2016<\/p>\n<\/div>\n\n\n\n<div class=\"wp-block-column is-layout-flow wp-block-column-is-layout-flow\" style=\"flex-basis:66.66%\">\n<div class=\"wp-block-file alignright\"><a id=\"wp-block-file--media-ab15baad-d697-4e84-997f-0a6c48c32140\" href=\"https:\/\/www.aunomdanna.fr\/blog\/wp-content\/uploads\/2021\/05\/AG-2016.pdf\" target=\"_blank\" rel=\"noreferrer noopener\">Pr\u00e9sentation<\/a><\/div>\n\n\n\n<div class=\"wp-block-file alignright\"><a id=\"wp-block-file--media-8799b2d8-d86d-4ac7-b3cd-209b8b905cdb\" href=\"https:\/\/www.aunomdanna.fr\/blog\/wp-content\/uploads\/2021\/05\/CR_Reunion_AunomdAnna__AG_16_01_16_V3.pdf\" target=\"_blank\" rel=\"noreferrer noopener\">Compte-rendu<\/a><\/div>\n<\/div>\n<\/div>\n\n\n\n<div class=\"wp-block-columns is-layout-flex wp-container-core-columns-is-layout-17 wp-block-columns-is-layout-flex\">\n<div class=\"wp-block-column is-layout-flow wp-block-column-is-layout-flow\" style=\"flex-basis:33.33%\">\n<p class=\"has-text-align-center\">23 jan 2015<\/p>\n<\/div>\n\n\n\n<div class=\"wp-block-column is-layout-flow wp-block-column-is-layout-flow\" style=\"flex-basis:66.66%\">\n<div class=\"wp-block-file alignright\"><a id=\"wp-block-file--media-ecb52952-d7b2-4fc7-b78e-17bd49aee029\" href=\"https:\/\/www.aunomdanna.fr\/blog\/wp-content\/uploads\/2021\/05\/AG-2015.pdf\" target=\"_blank\" rel=\"noreferrer noopener\">Pr\u00e9sentation<\/a><\/div>\n\n\n\n<div class=\"wp-block-file alignright\"><a id=\"wp-block-file--media-94fdff8a-2afe-4349-b3fa-2e28e10cda9e\" href=\"https:\/\/www.aunomdanna.fr\/blog\/wp-content\/uploads\/2021\/05\/CR_Reunion_AunomdAnna_AG_23jan2015.pdf\" target=\"_blank\" rel=\"noreferrer noopener\">Compte-rendu<\/a><\/div>\n<\/div>\n<\/div>\n\n\n\n<div class=\"wp-block-columns is-layout-flex wp-container-core-columns-is-layout-18 wp-block-columns-is-layout-flex\">\n<div class=\"wp-block-column is-layout-flow wp-block-column-is-layout-flow\" style=\"flex-basis:33.33%\">\n<p class=\"has-text-align-center\">22 jan 2014<\/p>\n<\/div>\n\n\n\n<div class=\"wp-block-column is-layout-flow wp-block-column-is-layout-flow\" style=\"flex-basis:66.66%\">\n<div class=\"wp-block-file alignright\"><a id=\"wp-block-file--media-4020b228-9b7e-49d0-a63c-3a64b5ce2c58\" href=\"https:\/\/www.aunomdanna.fr\/blog\/wp-content\/uploads\/2021\/05\/AG-2014.pdf\" target=\"_blank\" rel=\"noreferrer noopener\">Pr\u00e9sentation<\/a><\/div>\n<\/div>\n<\/div>\n\n\n\n<div class=\"wp-block-columns is-layout-flex wp-container-core-columns-is-layout-19 wp-block-columns-is-layout-flex\">\n<div class=\"wp-block-column is-layout-flow wp-block-column-is-layout-flow\" style=\"flex-basis:33.33%\">\n<p class=\"has-text-align-center\">25 sep 2012<\/p>\n<\/div>\n\n\n\n<div class=\"wp-block-column is-layout-flow wp-block-column-is-layout-flow\" style=\"flex-basis:66.66%\">\n<div class=\"wp-block-file alignright\"><a id=\"wp-block-file--media-b648116d-4bf0-43b8-9487-5b611443a9f6\" href=\"https:\/\/www.aunomdanna.fr\/blog\/wp-content\/uploads\/2021\/05\/CR_Reunion_AunomdAnna_AG_25sep2012.pdf\" target=\"_blank\" rel=\"noreferrer noopener\">Compte-rendu<\/a><\/div>\n<\/div>\n<\/div>\n\n\n\n<div class=\"wp-block-columns is-layout-flex wp-container-core-columns-is-layout-20 wp-block-columns-is-layout-flex\">\n<div class=\"wp-block-column is-layout-flow wp-block-column-is-layout-flow\" style=\"flex-basis:33.33%\">\n<p class=\"has-text-align-center\">09 sep 2011<\/p>\n<\/div>\n\n\n\n<div class=\"wp-block-column is-layout-flow wp-block-column-is-layout-flow\" style=\"flex-basis:66.66%\">\n<div class=\"wp-block-file alignright\"><a id=\"wp-block-file--media-64b92cdd-9fe4-4fdd-a52a-a3f6da834205\" href=\"https:\/\/www.aunomdanna.fr\/blog\/wp-content\/uploads\/2021\/05\/CR_Reunion_AunomdAnna_AG_09sep2011.pdf\" target=\"_blank\" rel=\"noreferrer noopener\">Compte-rendu<\/a><\/div>\n<\/div>\n<\/div>\n\n\n\n<div class=\"wp-block-columns is-layout-flex wp-container-core-columns-is-layout-21 wp-block-columns-is-layout-flex\">\n<div class=\"wp-block-column is-layout-flow wp-block-column-is-layout-flow\" style=\"flex-basis:33.33%\">\n<p class=\"has-text-align-center\">29 juin 2010<\/p>\n<\/div>\n\n\n\n<div class=\"wp-block-column is-layout-flow wp-block-column-is-layout-flow\" style=\"flex-basis:66.66%\">\n<div class=\"wp-block-file alignright\"><a id=\"wp-block-file--media-57c4a0d8-29ef-4dd7-a01e-7c3974ffb12f\" href=\"https:\/\/www.aunomdanna.fr\/blog\/wp-content\/uploads\/2021\/05\/Assemblee_Generale_29juin2010.pdf\" target=\"_blank\" rel=\"noreferrer noopener\">Compte-rendu<\/a><\/div>\n<\/div>\n<\/div>\n\n\n\n<div class=\"wp-block-columns is-layout-flex wp-container-core-columns-is-layout-22 wp-block-columns-is-layout-flex\">\n<div class=\"wp-block-column is-layout-flow wp-block-column-is-layout-flow\" style=\"flex-basis:33.33%\">\n<p class=\"has-text-align-center\">11 juin 2009<\/p>\n<\/div>\n\n\n\n<div class=\"wp-block-column is-layout-flow wp-block-column-is-layout-flow\" style=\"flex-basis:66.66%\">\n<div class=\"wp-block-file alignright\"><a id=\"wp-block-file--media-73b7f393-365b-4630-bcea-a4627a9f8a59\" href=\"https:\/\/www.aunomdanna.fr\/blog\/wp-content\/uploads\/2021\/05\/CR_Reunion_AunomdAnna_AG_11juin2009.pdf\" target=\"_blank\" rel=\"noreferrer noopener\">Compte-rendu<\/a><\/div>\n<\/div>\n<\/div>\n\n\n\n<div class=\"wp-block-columns is-layout-flex wp-container-core-columns-is-layout-23 wp-block-columns-is-layout-flex\">\n<div class=\"wp-block-column is-layout-flow wp-block-column-is-layout-flow\" style=\"flex-basis:33.33%\">\n<p class=\"has-text-align-center\">22 mai 2008<\/p>\n<\/div>\n\n\n\n<div class=\"wp-block-column is-layout-flow wp-block-column-is-layout-flow\" style=\"flex-basis:66.66%\">\n<div class=\"wp-block-file alignright\"><a id=\"wp-block-file--media-5ba0f9c6-8cc0-4c44-b92e-2b0c68e4fe2d\" href=\"https:\/\/www.aunomdanna.fr\/blog\/wp-content\/uploads\/2021\/05\/CR_Reunion_AunomdAnna_AG_22mai2008.pdf\" target=\"_blank\" rel=\"noreferrer noopener\">Compte-rendu<\/a><\/div>\n<\/div>\n<\/div>\n\n\n\n<div class=\"wp-block-columns is-layout-flex wp-container-core-columns-is-layout-24 wp-block-columns-is-layout-flex\">\n<div class=\"wp-block-column is-layout-flow wp-block-column-is-layout-flow\" style=\"flex-basis:33.33%\">\n<p class=\"has-text-align-center\">1er juin 2007 <br><strong>Assembl\u00e9e constitutive<\/strong><\/p>\n<\/div>\n\n\n\n<div class=\"wp-block-column is-layout-flow wp-block-column-is-layout-flow\" style=\"flex-basis:66.66%\">\n<div class=\"wp-block-file alignright\"><a id=\"wp-block-file--media-a27768a4-60d8-406d-9c1b-5bed6430dadf\" href=\"https:\/\/www.aunomdanna.fr\/blog\/wp-content\/uploads\/2021\/05\/compte_rendu_ag1.pdf\" target=\"_blank\" rel=\"noreferrer noopener\"><br>Compte-rendu<\/a><\/div>\n<\/div>\n<\/div>\n\n\n\n<hr class=\"wp-block-separator has-css-opacity\"\/>\n\n\n\n<iframe id=\"haWidget\" allowtransparency=\"true\" src=\"https:\/\/www.helloasso.com\/associations\/au-nom-d-anna\/formulaires\/1\/widget-bouton\" style=\"width:100%;height:70px;border:none;\"><\/iframe><div style=\"width:100%;text-align:center;\"><\/div>\n","protected":false},"excerpt":{"rendered":"<p>Adh\u00e9rer \u00e0 l&rsquo;association Communication Plaquette 2021 : Affiche forum 2016 &#8211; Flyer 2016 Plaquette 2014 Plaquette 2011 Statuts de l&rsquo;association Journal Officiel du 7 juillet 2007 (d\u00e9claration n\u00b0721, page 41\/112) Num\u00e9ro RNA&nbsp;: W381000855 Assembl\u00e9es G\u00e9n\u00e9rales 10 mars 2025 13 f\u00e9v 2024 30 jan 2023 02 f\u00e9v 2022 29 avr 2021 22 jan 2020 17 jan&#8230; <\/p>\n<div class=\"link-more\"><a href=\"https:\/\/www.aunomdanna.fr\/blog\/?page_id=10\">En savoir plus<\/a><\/div>\n","protected":false},"author":1,"featured_media":0,"parent":0,"menu_order":0,"comment_status":"closed","ping_status":"closed","template":"","meta":{"footnotes":""},"class_list":["post-10","page","type-page","status-publish","hentry"],"jetpack_sharing_enabled":true,"_links":{"self":[{"href":"https:\/\/www.aunomdanna.fr\/blog\/index.php?rest_route=\/wp\/v2\/pages\/10","targetHints":{"allow":["GET"]}}],"collection":[{"href":"https:\/\/www.aunomdanna.fr\/blog\/index.php?rest_route=\/wp\/v2\/pages"}],"about":[{"href":"https:\/\/www.aunomdanna.fr\/blog\/index.php?rest_route=\/wp\/v2\/types\/page"}],"author":[{"embeddable":true,"href":"https:\/\/www.aunomdanna.fr\/blog\/index.php?rest_route=\/wp\/v2\/users\/1"}],"replies":[{"embeddable":true,"href":"https:\/\/www.aunomdanna.fr\/blog\/index.php?rest_route=%2Fwp%2Fv2%2Fcomments&post=10"}],"version-history":[{"count":120,"href":"https:\/\/www.aunomdanna.fr\/blog\/index.php?rest_route=\/wp\/v2\/pages\/10\/revisions"}],"predecessor-version":[{"id":4721,"href":"https:\/\/www.aunomdanna.fr\/blog\/index.php?rest_route=\/wp\/v2\/pages\/10\/revisions\/4721"}],"wp:attachment":[{"href":"https:\/\/www.aunomdanna.fr\/blog\/index.php?rest_route=%2Fwp%2Fv2%2Fmedia&parent=10"}],"curies":[{"name":"wp","href":"https:\/\/api.w.org\/{rel}","templated":true}]}}