{"id":4361,"date":"2023-01-31T01:07:34","date_gmt":"2023-01-31T00:07:34","guid":{"rendered":"http:\/\/www.aunomdanna.fr\/blog\/?page_id=4361"},"modified":"2025-01-09T13:18:09","modified_gmt":"2025-01-09T12:18:09","slug":"adherer-a-lassociation-au-nom-danna","status":"publish","type":"page","link":"https:\/\/www.aunomdanna.fr\/blog\/?page_id=4361","title":{"rendered":"Adh\u00e9rer \u00e0 l&rsquo;association \u00ab\u00a0Au nom d&rsquo;Anna\u00a0\u00bb"},"content":{"rendered":"\n<p class=\"has-text-align-center\"><strong>Vous pouvez adh\u00e9rer selon votre pr\u00e9f\u00e9rence<\/strong><\/p>\n\n\n\n<h2 class=\"wp-block-heading\">Avec le formulaire d&rsquo;adh\u00e9sion \u00e0 imprimer :<\/h2>\n\n\n\n<p>(r\u00e8glement \u00e0 faire parvenir en ch\u00e8que ou en esp\u00e8ces \u00e0 l&rsquo;association)<\/p>\n\n\n\n<div class=\"wp-block-buttons is-layout-flex wp-block-buttons-is-layout-flex\">\n<div class=\"wp-block-button aligncenter\"><a class=\"wp-block-button__link wp-element-button\" href=\"https:\/\/www.aunomdanna.fr\/blog\/wp-content\/uploads\/2025\/01\/Formulaire-adhesion-2025-individuel.pdf\" target=\"_blank\" rel=\"noreferrer noopener\">T\u00e9l\u00e9charger le formulaire d&rsquo;adh\u00e9sion 2025<\/a><\/div>\n<\/div>\n\n\n\n<h2 class=\"wp-block-heading\">En ligne :<\/h2>\n\n\n\n<p>(avec paiement en ligne)<\/p>\n\n\n\n<center><iframe id=\"haWidget\" allowtransparency=\"true\" src=\"https:\/\/www.helloasso.com\/associations\/au-nom-d-anna\/adhesions\/adhesion-au-nom-d-anna-2025\/widget-vignette\" style=\"width: 330px; height: 480px; border: none;\"><\/iframe><\/center>\n","protected":false},"excerpt":{"rendered":"<p>Vous pouvez adh\u00e9rer selon votre pr\u00e9f\u00e9rence Avec le formulaire d&rsquo;adh\u00e9sion \u00e0 imprimer : (r\u00e8glement \u00e0 faire parvenir en ch\u00e8que ou en esp\u00e8ces \u00e0 l&rsquo;association) En ligne : (avec paiement en ligne)<\/p>\n","protected":false},"author":1,"featured_media":0,"parent":0,"menu_order":0,"comment_status":"closed","ping_status":"closed","template":"","meta":{"footnotes":""},"class_list":["post-4361","page","type-page","status-publish","hentry"],"jetpack_sharing_enabled":true,"_links":{"self":[{"href":"https:\/\/www.aunomdanna.fr\/blog\/index.php?rest_route=\/wp\/v2\/pages\/4361","targetHints":{"allow":["GET"]}}],"collection":[{"href":"https:\/\/www.aunomdanna.fr\/blog\/index.php?rest_route=\/wp\/v2\/pages"}],"about":[{"href":"https:\/\/www.aunomdanna.fr\/blog\/index.php?rest_route=\/wp\/v2\/types\/page"}],"author":[{"embeddable":true,"href":"https:\/\/www.aunomdanna.fr\/blog\/index.php?rest_route=\/wp\/v2\/users\/1"}],"replies":[{"embeddable":true,"href":"https:\/\/www.aunomdanna.fr\/blog\/index.php?rest_route=%2Fwp%2Fv2%2Fcomments&post=4361"}],"version-history":[{"count":23,"href":"https:\/\/www.aunomdanna.fr\/blog\/index.php?rest_route=\/wp\/v2\/pages\/4361\/revisions"}],"predecessor-version":[{"id":4679,"href":"https:\/\/www.aunomdanna.fr\/blog\/index.php?rest_route=\/wp\/v2\/pages\/4361\/revisions\/4679"}],"wp:attachment":[{"href":"https:\/\/www.aunomdanna.fr\/blog\/index.php?rest_route=%2Fwp%2Fv2%2Fmedia&parent=4361"}],"curies":[{"name":"wp","href":"https:\/\/api.w.org\/{rel}","templated":true}]}}