{"id":8,"date":"2007-05-28T13:18:55","date_gmt":"2007-05-28T12:18:55","guid":{"rendered":"http:\/\/aunomdanna.free.fr\/wordpress\/?page_id=7"},"modified":"2020-11-19T13:06:41","modified_gmt":"2020-11-19T12:06:41","slug":"anna-qui-es-tu","status":"publish","type":"page","link":"https:\/\/www.aunomdanna.fr\/blog\/?page_id=8","title":{"rendered":"Anna, qui es-tu ?"},"content":{"rendered":"\n<p><strong>Il \u00e9tait une fois Anna \u2026<\/strong>&nbsp;&nbsp;&nbsp;&nbsp;&nbsp;&nbsp;&nbsp;&nbsp;&nbsp;&nbsp;&nbsp;<\/p>\n\n\n\n<p class=\"has-text-align-justify\">Anna est n\u00e9e le 1<sup>er <\/sup>d\u00e9cembre 1997, pr\u00e9c\u00e9d\u00e9e par Andr\u00e9, Emilia et Isabelle. C\u2019est une belle petite fille, souriante et paisible : un vrai bonheur\u2026\u00a0\u00a0\u00a0\u00a0\u00a0\u00a0\u00a0\u00a0\u00a0\u00a0\u00a0\u00a0\u00a0<\/p>\n\n\n\n<p class=\"has-text-align-justify\">A 5 mois, elle fr\u00e9quente la Halte Garderie de Dom\u00e8ne, puis elle rentre \u00e0 la Cr\u00e8che Familiale. A cette \u00e9poque, les difficult\u00e9s de d\u00e9veloppement commencent \u00e0 appara\u00eetre\u2026\u00a0 Elle pr\u00e9sente rapidement un retard au niveau de la marche. Alors Anna suit des s\u00e9ances de psychomotricit\u00e9 et de kin\u00e9sith\u00e9rapie qui l\u2019aident \u00e0 acqu\u00e9rir l\u2019\u00e9quilibre. Il y a aussi les troubles du sommeil importants qui s\u2019installent.\u00a0<\/p>\n\n\n\n<p class=\"has-text-align-justify\">Anna et ses parents rencontrent r\u00e9guli\u00e8rement une p\u00e9dopsychiatre.&nbsp;&nbsp;A l\u2019\u00e9poque, la piste de l\u2019autisme est \u00e9voqu\u00e9e\u2026&nbsp;<\/p>\n\n\n\n<p class=\"has-text-align-justify\">A l\u2019\u00e2ge de 5 ans, Anna quitte la cr\u00e8che et entre \u00e0 l\u2019H\u00f4pital de Jour, \u00e0 temps partiel. Elle est \u00e9galement scolaris\u00e9e \u00e0 l\u2019\u00e9cole Marie Curie \u00e0 Dom\u00e8ne. Ainsi, chaque jeudi apr\u00e8s-midi, des travailleuses familiales d\u2019ADMR de Dom\u00e8ne sont \u00e0 ses c\u00f4t\u00e9s et l\u2019aident \u00e0 int\u00e9grer sa nouvelle classe. Elle s\u2019y fait d\u2019ailleurs beaucoup de petits copains !&nbsp;&nbsp;&nbsp;&nbsp;&nbsp;&nbsp;&nbsp;&nbsp;&nbsp;&nbsp;&nbsp;&nbsp;&nbsp;<\/p>\n\n\n\n<p class=\"has-text-align-justify\">Depuis plusieurs ann\u00e9es, Anna profite une fois par semaine des s\u00e9ances des b\u00e9b\u00e9s nageurs, \u00e0 la piscine de Corenc. Chaque fois, c\u2019est son Papa et son fr\u00e8re Andr\u00e9 qui l\u2019accompagnent. Anna adore l\u2019eau, l\u2019\u00e9t\u00e9 elle peut patauger des heures !&nbsp;&nbsp;&nbsp;&nbsp;&nbsp;&nbsp;&nbsp;&nbsp;&nbsp;&nbsp;&nbsp;&nbsp;<\/p>\n\n\n\n<p class=\"has-text-align-justify\">Depuis 2004, sa sant\u00e9 se d\u00e9grade, c\u2019est l\u2019\u00e9poque des grandes crises d\u2019\u00e9pilepsie\u2026 De plus, les difficult\u00e9s motrices s\u2019accentuent. Elle reprend donc une r\u00e9\u00e9ducation quotidienne depuis septembre 2006.&nbsp;&nbsp;&nbsp;&nbsp;&nbsp;&nbsp;&nbsp;&nbsp;&nbsp;&nbsp;&nbsp;&nbsp;<\/p>\n\n\n\n<p class=\"has-text-align-justify\">En 2005 sa scolarit\u00e9 s\u2019arr\u00eate mais elle fr\u00e9quente d\u00e9sormais le Centre de Loisirs, le mercredi matin. C\u2019est un moment agr\u00e9able, qui permet de garder un lien indispensable avec les enfants de son village.&nbsp;&nbsp;&nbsp;&nbsp;&nbsp;&nbsp;&nbsp;&nbsp;&nbsp;&nbsp;&nbsp;&nbsp;&nbsp;<\/p>\n\n\n\n<p class=\"has-text-align-justify\">En janvier 2007, le diagnostic du syndrome de Rett est confirm\u00e9 par un examen g\u00e9n\u00e9tique. L\u2019orientation vers un \u00e9tablissement de soins est pr\u00e9vue pour la rentr\u00e9e de septembre 2007 (IME Ninon Vallin ou Les Ecureuils).&nbsp;&nbsp;&nbsp;&nbsp;&nbsp;&nbsp;&nbsp;&nbsp;&nbsp;&nbsp;&nbsp;&nbsp;<\/p>\n\n\n\n<p class=\"has-text-align-justify\">D\u00e9sormais, la famille et les amis souhaitent aider Anna et l\u2019accompagner dans l\u2019\u00e9volution de sa maladie\u2026<\/p>\n\n\n\n<p class=\"has-text-align-justify\">C\u2019est pour cela qu\u2019ils ont cr\u00e9\u00e9 l\u2019association <strong>\u00ab&nbsp;Au nom d\u2019Anna&nbsp;\u00bb. &nbsp;&nbsp; <\/strong><\/p>\n","protected":false},"excerpt":{"rendered":"<p>Il \u00e9tait une fois Anna \u2026&nbsp;&nbsp;&nbsp;&nbsp;&nbsp;&nbsp;&nbsp;&nbsp;&nbsp;&nbsp;&nbsp; Anna est n\u00e9e le 1er d\u00e9cembre 1997, pr\u00e9c\u00e9d\u00e9e par Andr\u00e9, Emilia et Isabelle. C\u2019est une belle petite fille, souriante et paisible : un vrai bonheur\u2026\u00a0\u00a0\u00a0\u00a0\u00a0\u00a0\u00a0\u00a0\u00a0\u00a0\u00a0\u00a0\u00a0 A 5 mois, elle fr\u00e9quente la Halte Garderie de Dom\u00e8ne, puis elle rentre \u00e0 la Cr\u00e8che Familiale. A cette \u00e9poque, les difficult\u00e9s de d\u00e9veloppement&#8230; <\/p>\n<div class=\"link-more\"><a href=\"https:\/\/www.aunomdanna.fr\/blog\/?page_id=8\">En savoir plus<\/a><\/div>\n","protected":false},"author":1,"featured_media":0,"parent":0,"menu_order":0,"comment_status":"closed","ping_status":"closed","template":"","meta":{"footnotes":""},"class_list":["post-8","page","type-page","status-publish","hentry"],"jetpack_sharing_enabled":true,"_links":{"self":[{"href":"https:\/\/www.aunomdanna.fr\/blog\/index.php?rest_route=\/wp\/v2\/pages\/8","targetHints":{"allow":["GET"]}}],"collection":[{"href":"https:\/\/www.aunomdanna.fr\/blog\/index.php?rest_route=\/wp\/v2\/pages"}],"about":[{"href":"https:\/\/www.aunomdanna.fr\/blog\/index.php?rest_route=\/wp\/v2\/types\/page"}],"author":[{"embeddable":true,"href":"https:\/\/www.aunomdanna.fr\/blog\/index.php?rest_route=\/wp\/v2\/users\/1"}],"replies":[{"embeddable":true,"href":"https:\/\/www.aunomdanna.fr\/blog\/index.php?rest_route=%2Fwp%2Fv2%2Fcomments&post=8"}],"version-history":[{"count":4,"href":"https:\/\/www.aunomdanna.fr\/blog\/index.php?rest_route=\/wp\/v2\/pages\/8\/revisions"}],"predecessor-version":[{"id":4004,"href":"https:\/\/www.aunomdanna.fr\/blog\/index.php?rest_route=\/wp\/v2\/pages\/8\/revisions\/4004"}],"wp:attachment":[{"href":"https:\/\/www.aunomdanna.fr\/blog\/index.php?rest_route=%2Fwp%2Fv2%2Fmedia&parent=8"}],"curies":[{"name":"wp","href":"https:\/\/api.w.org\/{rel}","templated":true}]}}